{"id":795,"date":"2024-01-08T13:41:44","date_gmt":"2024-01-08T05:41:44","guid":{"rendered":"https:\/\/sihaihengtong.com\/noticia"},"modified":"2024-03-07T19:57:04","modified_gmt":"2024-03-07T11:57:04","slug":"noticia","status":"publish","type":"page","link":"https:\/\/sihaihengtong.com\/es\/noticia","title":{"rendered":"NOTICIA"},"content":{"rendered":"\t\t<div data-elementor-type=\"wp-page\" data-elementor-id=\"795\" class=\"elementor elementor-795 elementor-296\" data-elementor-post-type=\"page\">\n\t\t\t\t<div class=\"elementor-element elementor-element-78f106c e-con-full e-flex e-con e-parent\" data-id=\"78f106c\" data-element_type=\"container\" data-e-type=\"container\" data-settings=\"{&quot;background_background&quot;:&quot;classic&quot;,&quot;animation&quot;:&quot;none&quot;}\">\n\t\t\t\t<div class=\"elementor-element elementor-element-d74970d elementor-invisible elementor-widget elementor-widget-heading\" data-id=\"d74970d\" data-element_type=\"widget\" data-e-type=\"widget\" data-settings=\"{&quot;_animation&quot;:&quot;fadeInUp&quot;}\" data-widget_type=\"heading.default\">\n\t\t\t\t<div class=\"elementor-widget-container\">\n\t\t\t\t\t<div class=\"elementor-heading-title elementor-size-default\">NOTICIA<\/div>\t\t\t\t<\/div>\n\t\t\t\t<\/div>\n\t\t\t\t<\/div>\n\t\t<div class=\"elementor-element elementor-element-3bbfb5d e-flex e-con-boxed e-con e-parent\" data-id=\"3bbfb5d\" data-element_type=\"container\" data-e-type=\"container\">\n\t\t\t\t\t<div class=\"e-con-inner\">\n\t\t\t\t<div class=\"elementor-element elementor-element-dd4b78c elementor-grid-3 elementor-grid-tablet-2 elementor-grid-mobile-1 elementor-widget elementor-widget-loop-grid\" data-id=\"dd4b78c\" data-element_type=\"widget\" data-e-type=\"widget\" data-settings=\"{&quot;template_id&quot;:872,&quot;_skin&quot;:&quot;post&quot;,&quot;columns&quot;:&quot;3&quot;,&quot;columns_tablet&quot;:&quot;2&quot;,&quot;columns_mobile&quot;:&quot;1&quot;,&quot;edit_handle_selector&quot;:&quot;[data-elementor-type=\\&quot;loop-item\\&quot;]&quot;,&quot;row_gap&quot;:{&quot;unit&quot;:&quot;px&quot;,&quot;size&quot;:&quot;&quot;,&quot;sizes&quot;:[]},&quot;row_gap_tablet&quot;:{&quot;unit&quot;:&quot;px&quot;,&quot;size&quot;:&quot;&quot;,&quot;sizes&quot;:[]},&quot;row_gap_mobile&quot;:{&quot;unit&quot;:&quot;px&quot;,&quot;size&quot;:&quot;&quot;,&quot;sizes&quot;:[]}}\" data-widget_type=\"loop-grid.post\">\n\t\t\t\t<div class=\"elementor-widget-container\">\n\t\t\t\t\t\t\t<div class=\"elementor-loop-container elementor-grid\" role=\"list\">\n\t\t<style id=\"loop-dynamic-872\">.e-loop-item-827 .elementor-element.elementor-element-b380842:not(.elementor-motion-effects-element-type-background), .e-loop-item-827 .elementor-element.elementor-element-b380842 > .elementor-motion-effects-container > .elementor-motion-effects-layer{background-image:url(\"https:\/\/sihaihengtong.com\/wp-content\/uploads\/2023\/12\/NEWS3.jpg\");}<\/style><style id=\"loop-872\">.elementor-872 .elementor-element.elementor-element-b380842{--display:flex;--min-height:300px;--flex-direction:column;--container-widget-width:calc( ( 1 - var( --container-widget-flex-grow ) ) * 100% );--container-widget-height:initial;--container-widget-flex-grow:0;--container-widget-align-self:initial;--flex-wrap-mobile:wrap;--justify-content:center;--align-items:center;--overlay-opacity:0.6;}.elementor-872 .elementor-element.elementor-element-b380842:not(.elementor-motion-effects-element-type-background), .elementor-872 .elementor-element.elementor-element-b380842 > .elementor-motion-effects-container > .elementor-motion-effects-layer{background-position:center center;background-repeat:no-repeat;background-size:cover;}.elementor-872 .elementor-element.elementor-element-b380842::before, .elementor-872 .elementor-element.elementor-element-b380842 > .elementor-background-video-container::before, .elementor-872 .elementor-element.elementor-element-b380842 > .e-con-inner > .elementor-background-video-container::before, .elementor-872 .elementor-element.elementor-element-b380842 > .elementor-background-slideshow::before, .elementor-872 .elementor-element.elementor-element-b380842 > .e-con-inner > .elementor-background-slideshow::before, .elementor-872 .elementor-element.elementor-element-b380842 > .elementor-motion-effects-container > .elementor-motion-effects-layer::before{--background-overlay:'';background-color:#000000;}.elementor-872 .elementor-element.elementor-element-b380842:hover::before, .elementor-872 .elementor-element.elementor-element-b380842:hover > .elementor-background-video-container::before, .elementor-872 .elementor-element.elementor-element-b380842:hover > .e-con-inner > .elementor-background-video-container::before, .elementor-872 .elementor-element.elementor-element-b380842 > .elementor-background-slideshow:hover::before, .elementor-872 .elementor-element.elementor-element-b380842 > .e-con-inner > .elementor-background-slideshow:hover::before{--background-overlay:'';}.elementor-872 .elementor-element.elementor-element-b380842:hover{--overlay-opacity:0.3;}.elementor-872 .elementor-element.elementor-element-b380842, .elementor-872 .elementor-element.elementor-element-b380842::before{--overlay-transition:1s;}.elementor-widget-theme-post-title .elementor-heading-title{font-family:var( --e-global-typography-primary-font-family ), Sans-serif;font-weight:var( --e-global-typography-primary-font-weight );color:var( --e-global-color-primary );}.elementor-872 .elementor-element.elementor-element-b536686{text-align:center;}.elementor-872 .elementor-element.elementor-element-b536686 .elementor-heading-title{font-family:\"Roboto Slab\", Sans-serif;font-size:18px;font-weight:400;line-height:1.5em;text-shadow:1px 1px 1px #000000;}@media(max-width:1024px){.elementor-872 .elementor-element.elementor-element-b536686 .elementor-heading-title{font-size:17px;}}@media(max-width:767px){.elementor-872 .elementor-element.elementor-element-b536686 .elementor-heading-title{font-size:17px;}}<\/style>\t\t<div data-elementor-type=\"loop-item\" data-elementor-id=\"872\" class=\"elementor elementor-872 elementor-229 e-loop-item e-loop-item-827 post-827 post type-post status-publish format-standard has-post-thumbnail hentry category-sin-categorizar\" data-elementor-post-type=\"elementor_library\" data-custom-edit-handle=\"1\">\n\t\t\t<div class=\"elementor-element elementor-element-b380842 e-flex e-con-boxed e-con e-parent\" data-id=\"b380842\" data-element_type=\"container\" data-e-type=\"container\" data-settings=\"{&quot;background_background&quot;:&quot;classic&quot;}\">\n\t\t\t\t\t<div class=\"e-con-inner\">\n\t\t\t\t<div class=\"elementor-element elementor-element-b536686 elementor-widget elementor-widget-theme-post-title elementor-page-title elementor-widget-heading\" data-id=\"b536686\" data-element_type=\"widget\" data-e-type=\"widget\" data-widget_type=\"theme-post-title.default\">\n\t\t\t\t<div class=\"elementor-widget-container\">\n\t\t\t\t\t<div class=\"elementor-heading-title elementor-size-default\"><a href=\"https:\/\/sihaihengtong.com\/es\/sin-categorizar\/este-importante-evento-ciclista-se-ha-convertido-en-una-tarjeta-de-presentacion-verde-de-la-isla-de-chongming.html\">Este importante evento ciclista se ha convertido en una tarjeta de presentaci\u00f3n verde de la isla de Chongming<\/a><\/div>\t\t\t\t<\/div>\n\t\t\t\t<\/div>\n\t\t\t\t\t<\/div>\n\t\t\t\t<\/div>\n\t\t\t\t<\/div>\n\t\t<style id=\"loop-dynamic-872\">.e-loop-item-831 .elementor-element.elementor-element-b380842:not(.elementor-motion-effects-element-type-background), .e-loop-item-831 .elementor-element.elementor-element-b380842 > .elementor-motion-effects-container > .elementor-motion-effects-layer{background-image:url(\"https:\/\/sihaihengtong.com\/wp-content\/uploads\/2023\/12\/NEWS2.jpg\");}<\/style>\t\t<div data-elementor-type=\"loop-item\" data-elementor-id=\"872\" class=\"elementor elementor-872 elementor-229 e-loop-item e-loop-item-831 post-831 post type-post status-publish format-standard has-post-thumbnail hentry category-sin-categorizar\" data-elementor-post-type=\"elementor_library\" data-custom-edit-handle=\"1\">\n\t\t\t<div class=\"elementor-element elementor-element-b380842 e-flex e-con-boxed e-con e-parent\" data-id=\"b380842\" data-element_type=\"container\" data-e-type=\"container\" data-settings=\"{&quot;background_background&quot;:&quot;classic&quot;}\">\n\t\t\t\t\t<div class=\"e-con-inner\">\n\t\t\t\t<div class=\"elementor-element elementor-element-b536686 elementor-widget elementor-widget-theme-post-title elementor-page-title elementor-widget-heading\" data-id=\"b536686\" data-element_type=\"widget\" data-e-type=\"widget\" data-widget_type=\"theme-post-title.default\">\n\t\t\t\t<div class=\"elementor-widget-container\">\n\t\t\t\t\t<div class=\"elementor-heading-title elementor-size-default\"><a href=\"https:\/\/sihaihengtong.com\/es\/sin-categorizar\/la-final-de-la-7a-final-de-la-liga-de-ciclismo-colorful-guizhou-2023-%e4%b8%a8-moving-with-the-trend-incluye-nuevos-eventos-por-primera-vez.html\">La final de la 7\u00aa Final de la Liga de Ciclismo \u00abColorful Guizhou\u00bb 2023 &#8211; \u4e28 Moving with the Trend Incluye nuevos eventos por primera vez<\/a><\/div>\t\t\t\t<\/div>\n\t\t\t\t<\/div>\n\t\t\t\t\t<\/div>\n\t\t\t\t<\/div>\n\t\t\t\t<\/div>\n\t\t<style id=\"loop-dynamic-872\">.e-loop-item-835 .elementor-element.elementor-element-b380842:not(.elementor-motion-effects-element-type-background), .e-loop-item-835 .elementor-element.elementor-element-b380842 > .elementor-motion-effects-container > .elementor-motion-effects-layer{background-image:url(\"https:\/\/sihaihengtong.com\/wp-content\/uploads\/2023\/12\/NEWS1.jpg\");}<\/style>\t\t<div data-elementor-type=\"loop-item\" data-elementor-id=\"872\" class=\"elementor elementor-872 elementor-229 e-loop-item e-loop-item-835 post-835 post type-post status-publish format-standard has-post-thumbnail hentry category-sin-categorizar\" data-elementor-post-type=\"elementor_library\" data-custom-edit-handle=\"1\">\n\t\t\t<div class=\"elementor-element elementor-element-b380842 e-flex e-con-boxed e-con e-parent\" data-id=\"b380842\" data-element_type=\"container\" data-e-type=\"container\" data-settings=\"{&quot;background_background&quot;:&quot;classic&quot;}\">\n\t\t\t\t\t<div class=\"e-con-inner\">\n\t\t\t\t<div class=\"elementor-element elementor-element-b536686 elementor-widget elementor-widget-theme-post-title elementor-page-title elementor-widget-heading\" data-id=\"b536686\" data-element_type=\"widget\" data-e-type=\"widget\" data-widget_type=\"theme-post-title.default\">\n\t\t\t\t<div class=\"elementor-widget-container\">\n\t\t\t\t\t<div class=\"elementor-heading-title elementor-size-default\"><a href=\"https:\/\/sihaihengtong.com\/es\/sin-categorizar\/los-juegos-asiaticos-desataron-una-locura-por-el-ciclismo-y-las-bicicletas-de-10-000-yuanes-se-convirtieron-en-mascotas-calientes-y-los-pedidos-de-las-companias-automotrices-estaban-programados.html\">Los Juegos Asi\u00e1ticos desataron una locura por el ciclismo, y las bicicletas de 10.000 yuanes se convirtieron en \u00abmascotas calientes\u00bb, y los pedidos de las compa\u00f1\u00edas automotrices estaban programados para el pr\u00f3ximo a\u00f1o<\/a><\/div>\t\t\t\t<\/div>\n\t\t\t\t<\/div>\n\t\t\t\t\t<\/div>\n\t\t\t\t<\/div>\n\t\t\t\t<\/div>\n\t\t\t\t<\/div>\n\t\t\n\t\t\t\t\t\t<\/div>\n\t\t\t\t<\/div>\n\t\t\t\t\t<\/div>\n\t\t\t\t<\/div>\n\t\t\t\t<\/div>\n\t\t","protected":false},"excerpt":{"rendered":"","protected":false},"author":1,"featured_media":0,"parent":0,"menu_order":0,"comment_status":"closed","ping_status":"closed","template":"","meta":{"footnotes":""},"class_list":["post-795","page","type-page","status-publish","hentry"],"_links":{"self":[{"href":"https:\/\/sihaihengtong.com\/es\/wp-json\/wp\/v2\/pages\/795","targetHints":{"allow":["GET"]}}],"collection":[{"href":"https:\/\/sihaihengtong.com\/es\/wp-json\/wp\/v2\/pages"}],"about":[{"href":"https:\/\/sihaihengtong.com\/es\/wp-json\/wp\/v2\/types\/page"}],"author":[{"embeddable":true,"href":"https:\/\/sihaihengtong.com\/es\/wp-json\/wp\/v2\/users\/1"}],"replies":[{"embeddable":true,"href":"https:\/\/sihaihengtong.com\/es\/wp-json\/wp\/v2\/comments?post=795"}],"version-history":[{"count":1,"href":"https:\/\/sihaihengtong.com\/es\/wp-json\/wp\/v2\/pages\/795\/revisions"}],"predecessor-version":[{"id":796,"href":"https:\/\/sihaihengtong.com\/es\/wp-json\/wp\/v2\/pages\/795\/revisions\/796"}],"wp:attachment":[{"href":"https:\/\/sihaihengtong.com\/es\/wp-json\/wp\/v2\/media?parent=795"}],"curies":[{"name":"wp","href":"https:\/\/api.w.org\/{rel}","templated":true}]}}