{"id":787,"date":"2024-01-08T12:50:30","date_gmt":"2024-01-08T04:50:30","guid":{"rendered":"https:\/\/sihaihengtong.com\/sobre-nosotros"},"modified":"2024-03-07T19:50:31","modified_gmt":"2024-03-07T11:50:31","slug":"sobre-nosotros","status":"publish","type":"page","link":"https:\/\/sihaihengtong.com\/es\/sobre-nosotros","title":{"rendered":"SOBRE NOSOTROS"},"content":{"rendered":"\t\t<div data-elementor-type=\"wp-page\" data-elementor-id=\"787\" class=\"elementor elementor-787 elementor-263\" data-elementor-post-type=\"page\">\n\t\t\t\t<div class=\"elementor-element elementor-element-15b420f e-con-full e-flex e-con e-parent\" data-id=\"15b420f\" data-element_type=\"container\" data-e-type=\"container\" data-settings=\"{&quot;background_background&quot;:&quot;classic&quot;}\">\n\t\t\t\t<div class=\"elementor-element elementor-element-940978b elementor-invisible elementor-widget elementor-widget-heading\" data-id=\"940978b\" data-element_type=\"widget\" data-e-type=\"widget\" data-settings=\"{&quot;_animation&quot;:&quot;fadeInUp&quot;}\" data-widget_type=\"heading.default\">\n\t\t\t\t<div class=\"elementor-widget-container\">\n\t\t\t\t\t<div class=\"elementor-heading-title elementor-size-default\">SOBRE NOSOTROS<\/div>\t\t\t\t<\/div>\n\t\t\t\t<\/div>\n\t\t\t\t<\/div>\n\t\t<div class=\"elementor-element elementor-element-323abcbf e-flex e-con-boxed e-con e-parent\" data-id=\"323abcbf\" data-element_type=\"container\" data-e-type=\"container\" data-settings=\"{&quot;background_background&quot;:&quot;gradient&quot;}\">\n\t\t\t\t\t<div class=\"e-con-inner\">\n\t\t<div class=\"elementor-element elementor-element-28ae88e5 e-con-full e-flex e-con e-child\" data-id=\"28ae88e5\" data-element_type=\"container\" data-e-type=\"container\">\n\t\t\t\t<div class=\"elementor-element elementor-element-44834daf elementor-widget-divider--view-line elementor-invisible elementor-widget elementor-widget-divider\" data-id=\"44834daf\" data-element_type=\"widget\" data-e-type=\"widget\" data-settings=\"{&quot;_animation&quot;:&quot;fadeInLeft&quot;}\" data-widget_type=\"divider.default\">\n\t\t\t\t<div class=\"elementor-widget-container\">\n\t\t\t\t\t\t\t<div class=\"elementor-divider\">\n\t\t\t<span class=\"elementor-divider-separator\">\n\t\t\t\t\t\t<\/span>\n\t\t<\/div>\n\t\t\t\t\t\t<\/div>\n\t\t\t\t<\/div>\n\t\t\t\t<div class=\"elementor-element elementor-element-43b87c75 elementor-widget elementor-widget-heading\" data-id=\"43b87c75\" data-element_type=\"widget\" data-e-type=\"widget\" data-widget_type=\"heading.default\">\n\t\t\t\t<div class=\"elementor-widget-container\">\n\t\t\t\t\t<h2 class=\"elementor-heading-title elementor-size-default\">Tianjin Sihaihengtong Bicycle Co., Ltd.<\/h2>\t\t\t\t<\/div>\n\t\t\t\t<\/div>\n\t\t\t\t<div class=\"elementor-element elementor-element-7735f8db elementor-widget__width-inherit elementor-invisible elementor-widget elementor-widget-image\" data-id=\"7735f8db\" data-element_type=\"widget\" data-e-type=\"widget\" data-settings=\"{&quot;_animation&quot;:&quot;fadeIn&quot;}\" data-widget_type=\"image.default\">\n\t\t\t\t<div class=\"elementor-widget-container\">\n\t\t\t\t\t\t\t\t\t\t\t\t\t\t\t<img fetchpriority=\"high\" decoding=\"async\" width=\"800\" height=\"600\" src=\"https:\/\/sihaihengtong.com\/wp-content\/uploads\/2023\/12\/TRIKES2.jpg\" class=\"attachment-large size-large wp-image-566\" alt=\"\" srcset=\"https:\/\/sihaihengtong.com\/wp-content\/uploads\/2023\/12\/TRIKES2.jpg 800w, https:\/\/sihaihengtong.com\/wp-content\/uploads\/2023\/12\/TRIKES2-300x225.jpg 300w, https:\/\/sihaihengtong.com\/wp-content\/uploads\/2023\/12\/TRIKES2-600x450.jpg 600w, https:\/\/sihaihengtong.com\/wp-content\/uploads\/2023\/12\/TRIKES2-768x576.jpg 768w\" sizes=\"(max-width: 800px) 100vw, 800px\" \/>\t\t\t\t\t\t\t\t\t\t\t\t\t\t\t<\/div>\n\t\t\t\t<\/div>\n\t\t\t\t<\/div>\n\t\t<div class=\"elementor-element elementor-element-84b84e2 e-con-full e-flex e-con e-child\" data-id=\"84b84e2\" data-element_type=\"container\" data-e-type=\"container\">\n\t\t\t\t<div class=\"elementor-element elementor-element-21a61e50 elementor-widget__width-initial elementor-invisible elementor-widget elementor-widget-image\" data-id=\"21a61e50\" data-element_type=\"widget\" data-e-type=\"widget\" data-settings=\"{&quot;_animation&quot;:&quot;fadeInDown&quot;,&quot;_animation_tablet&quot;:&quot;fadeInLeft&quot;}\" data-widget_type=\"image.default\">\n\t\t\t\t<div class=\"elementor-widget-container\">\n\t\t\t\t\t\t\t\t\t\t\t\t\t\t\t<img decoding=\"async\" width=\"400\" height=\"600\" src=\"https:\/\/sihaihengtong.com\/wp-content\/uploads\/2023\/12\/Ebike4.jpg\" class=\"attachment-large size-large wp-image-576\" alt=\"\" srcset=\"https:\/\/sihaihengtong.com\/wp-content\/uploads\/2023\/12\/Ebike4.jpg 400w, https:\/\/sihaihengtong.com\/wp-content\/uploads\/2023\/12\/Ebike4-300x450.jpg 300w\" sizes=\"(max-width: 400px) 100vw, 400px\" \/>\t\t\t\t\t\t\t\t\t\t\t\t\t\t\t<\/div>\n\t\t\t\t<\/div>\n\t\t\t\t<div class=\"elementor-element elementor-element-6aff6c97 elementor-widget__width-initial elementor-invisible elementor-widget elementor-widget-image\" data-id=\"6aff6c97\" data-element_type=\"widget\" data-e-type=\"widget\" data-settings=\"{&quot;_animation&quot;:&quot;fadeInDown&quot;,&quot;_animation_tablet&quot;:&quot;fadeInLeft&quot;}\" data-widget_type=\"image.default\">\n\t\t\t\t<div class=\"elementor-widget-container\">\n\t\t\t\t\t\t\t\t\t\t\t\t\t\t\t<img decoding=\"async\" width=\"400\" height=\"600\" src=\"https:\/\/sihaihengtong.com\/wp-content\/uploads\/2023\/12\/Ebike3.jpg\" class=\"attachment-large size-large wp-image-575\" alt=\"\" srcset=\"https:\/\/sihaihengtong.com\/wp-content\/uploads\/2023\/12\/Ebike3.jpg 400w, https:\/\/sihaihengtong.com\/wp-content\/uploads\/2023\/12\/Ebike3-300x450.jpg 300w\" sizes=\"(max-width: 400px) 100vw, 400px\" \/>\t\t\t\t\t\t\t\t\t\t\t\t\t\t\t<\/div>\n\t\t\t\t<\/div>\n\t\t\t\t<div class=\"elementor-element elementor-element-6511e570 elementor-invisible elementor-widget elementor-widget-text-editor\" data-id=\"6511e570\" data-element_type=\"widget\" data-e-type=\"widget\" data-settings=\"{&quot;_animation&quot;:&quot;fadeInUp&quot;}\" data-widget_type=\"text-editor.default\">\n\t\t\t\t<div class=\"elementor-widget-container\">\n\t\t\t\t\t\t\t\t\t<p>Tianjin Sihaihengtong Bicycle Co., Ltd. se estableci\u00f3 en 2011, con un \u00e1rea total de 6,000 metros cuadrados, en el distrito de Wuqing, Tianjin, China.<br \/>La producci\u00f3n principal son tipos de bicicletas, como bicicletas de monta\u00f1a, bicicletas urbanas, bicicletas plegables, bicicletas de carretera, bicicletas de estilo libre, BMX, bicicletas fijas, bicicletas para ni\u00f1os, triciclos y bicicletas el\u00e9ctricas.<br \/>Tenemos la certificaci\u00f3n del sistema de gesti\u00f3n de calidad ISO9001:2008. Todos los productos est\u00e1n en l\u00ednea con los est\u00e1ndares de pruebas de calidad.<br \/>Contamos con los equipos avanzados de la industria de la bicicleta y obedecemos un sistema de control de calidad muy estricto.<br \/>Los productos se han exportado a los Estados Unidos, Reino Unido, Rusia, Ucrania, Corea del Sur, Australia, \u00c1frica, Medio Oriente y Sudeste Asi\u00e1tico, etc.<\/p>\n\t\t\t\t\t\t\t\t<\/div>\n\t\t\t\t<\/div>\n\t\t\t\t<\/div>\n\t\t\t\t\t<\/div>\n\t\t\t\t<\/div>\n\t\t\t\t<\/div>\n\t\t","protected":false},"excerpt":{"rendered":"<p>Tianjin Sihaihengtong Bicycle Co., Ltd. Tianjin Sihaihengtong Bicycle Co., Ltd. se estableci\u00f3 en 2011, con un \u00e1rea total de 6,000 metros cuadrados, en el distrito de Wuqing, Tianjin, China.La producci\u00f3n principal son tipos de bicicletas, como bicicletas de monta\u00f1a, bicicletas urbanas, bicicletas plegables, bicicletas de carretera, bicicletas de estilo libre, BMX, bicicletas fijas, bicicletas para [&hellip;]<\/p>\n","protected":false},"author":1,"featured_media":0,"parent":0,"menu_order":0,"comment_status":"closed","ping_status":"closed","template":"","meta":{"footnotes":""},"class_list":["post-787","page","type-page","status-publish","hentry"],"_links":{"self":[{"href":"https:\/\/sihaihengtong.com\/es\/wp-json\/wp\/v2\/pages\/787","targetHints":{"allow":["GET"]}}],"collection":[{"href":"https:\/\/sihaihengtong.com\/es\/wp-json\/wp\/v2\/pages"}],"about":[{"href":"https:\/\/sihaihengtong.com\/es\/wp-json\/wp\/v2\/types\/page"}],"author":[{"embeddable":true,"href":"https:\/\/sihaihengtong.com\/es\/wp-json\/wp\/v2\/users\/1"}],"replies":[{"embeddable":true,"href":"https:\/\/sihaihengtong.com\/es\/wp-json\/wp\/v2\/comments?post=787"}],"version-history":[{"count":3,"href":"https:\/\/sihaihengtong.com\/es\/wp-json\/wp\/v2\/pages\/787\/revisions"}],"predecessor-version":[{"id":790,"href":"https:\/\/sihaihengtong.com\/es\/wp-json\/wp\/v2\/pages\/787\/revisions\/790"}],"wp:attachment":[{"href":"https:\/\/sihaihengtong.com\/es\/wp-json\/wp\/v2\/media?parent=787"}],"curies":[{"name":"wp","href":"https:\/\/api.w.org\/{rel}","templated":true}]}}